{"id":827,"date":"2023-09-15T02:06:59","date_gmt":"2023-09-15T00:06:59","guid":{"rendered":"https:\/\/www.seg-panel.fr\/?page_id=827"},"modified":"2023-11-02T15:11:52","modified_gmt":"2023-11-02T14:11:52","slug":"se-desinscrire","status":"publish","type":"page","link":"https:\/\/www.seg-panel.fr\/index.php\/se-desinscrire\/","title":{"rendered":"Se d\u00e9sinscrire"},"content":{"rendered":"\n<p>Vous pouvez \u00e0 tout moment demander votre effacement de notre fichier,<\/p>\n\n\n\n<p>soit en envoyant un mail \u00e0 : remove@seg-panel.fr<br>soit en nous contactant par t\u00e9l\u00e9phone au 01 84 86 05 46<\/p>\n","protected":false},"excerpt":{"rendered":"<p>Vous pouvez \u00e0 tout moment demander votre effacement de notre fichier, soit en envoyant un mail \u00e0 : remove@seg-panel.frsoit en nous contactant par t\u00e9l\u00e9phone au 01 84 86 05 46<\/p>\n","protected":false},"author":1,"featured_media":0,"parent":0,"menu_order":0,"comment_status":"closed","ping_status":"closed","template":"","meta":{"footnotes":""},"class_list":["post-827","page","type-page","status-publish","hentry"],"_links":{"self":[{"href":"https:\/\/www.seg-panel.fr\/index.php\/wp-json\/wp\/v2\/pages\/827","targetHints":{"allow":["GET"]}}],"collection":[{"href":"https:\/\/www.seg-panel.fr\/index.php\/wp-json\/wp\/v2\/pages"}],"about":[{"href":"https:\/\/www.seg-panel.fr\/index.php\/wp-json\/wp\/v2\/types\/page"}],"author":[{"embeddable":true,"href":"https:\/\/www.seg-panel.fr\/index.php\/wp-json\/wp\/v2\/users\/1"}],"replies":[{"embeddable":true,"href":"https:\/\/www.seg-panel.fr\/index.php\/wp-json\/wp\/v2\/comments?post=827"}],"version-history":[{"count":3,"href":"https:\/\/www.seg-panel.fr\/index.php\/wp-json\/wp\/v2\/pages\/827\/revisions"}],"predecessor-version":[{"id":854,"href":"https:\/\/www.seg-panel.fr\/index.php\/wp-json\/wp\/v2\/pages\/827\/revisions\/854"}],"wp:attachment":[{"href":"https:\/\/www.seg-panel.fr\/index.php\/wp-json\/wp\/v2\/media?parent=827"}],"curies":[{"name":"wp","href":"https:\/\/api.w.org\/{rel}","templated":true}]}}