{"id":825,"date":"2023-09-15T02:06:08","date_gmt":"2023-09-15T00:06:08","guid":{"rendered":"https:\/\/www.seg-panel.fr\/?page_id=825"},"modified":"2023-11-02T01:45:26","modified_gmt":"2023-11-02T00:45:26","slug":"parrainages","status":"publish","type":"page","link":"https:\/\/www.seg-panel.fr\/index.php\/parrainages\/","title":{"rendered":"Parrainages"},"content":{"rendered":"\n<p>Chaque ann\u00e9e, un certain nombre d&rsquo;indemnit\u00e9s pr\u00e9vues pour des participants \u00e0 nos tests ne sont pas utilis\u00e9es. Il s&rsquo;agit le plus souvent d&rsquo;indemnit\u00e9s destin\u00e9es \u00e0 des personnes qui devaient participer \u00e0 un test et ont eu un emp\u00eachement de derni\u00e8re minute.<br>Certains de nos pan\u00e9listes ayant la gentillesse de nous recommander \u00e0 leur proches, nous avons mis en place un syst\u00e8me de parrainage afin de les en remercier et redistribuons en d\u00e9cembre ces indemnit\u00e9s non per\u00e7ues \u00e0 raison de 10 indemnit\u00e9s de 50\u20ac aux 10 parrains les plus actifs sur l&rsquo;ann\u00e9e.<br>A l&rsquo;issue de votre inscription, vous recevrez un code que vous pourrez communiquer aux personnes que vous souhaitez parrainer et ainsi \u00e9ventuellement b\u00e9n\u00e9ficier d&rsquo;une prime de 50\u20ac en d\u00e9cembre prochain.  <\/p>\n","protected":false},"excerpt":{"rendered":"<p>Chaque ann\u00e9e, un certain nombre d&rsquo;indemnit\u00e9s pr\u00e9vues pour des participants \u00e0 nos tests ne sont pas utilis\u00e9es. Il s&rsquo;agit le plus souvent d&rsquo;indemnit\u00e9s destin\u00e9es \u00e0 des personnes qui devaient participer \u00e0 un test et ont eu un emp\u00eachement de derni\u00e8re minute.Certains de nos pan\u00e9listes ayant la gentillesse de nous recommander \u00e0 leur proches, nous avons [&hellip;]<\/p>\n","protected":false},"author":1,"featured_media":0,"parent":0,"menu_order":0,"comment_status":"closed","ping_status":"closed","template":"","meta":{"footnotes":""},"class_list":["post-825","page","type-page","status-publish","hentry"],"_links":{"self":[{"href":"https:\/\/www.seg-panel.fr\/index.php\/wp-json\/wp\/v2\/pages\/825","targetHints":{"allow":["GET"]}}],"collection":[{"href":"https:\/\/www.seg-panel.fr\/index.php\/wp-json\/wp\/v2\/pages"}],"about":[{"href":"https:\/\/www.seg-panel.fr\/index.php\/wp-json\/wp\/v2\/types\/page"}],"author":[{"embeddable":true,"href":"https:\/\/www.seg-panel.fr\/index.php\/wp-json\/wp\/v2\/users\/1"}],"replies":[{"embeddable":true,"href":"https:\/\/www.seg-panel.fr\/index.php\/wp-json\/wp\/v2\/comments?post=825"}],"version-history":[{"count":4,"href":"https:\/\/www.seg-panel.fr\/index.php\/wp-json\/wp\/v2\/pages\/825\/revisions"}],"predecessor-version":[{"id":853,"href":"https:\/\/www.seg-panel.fr\/index.php\/wp-json\/wp\/v2\/pages\/825\/revisions\/853"}],"wp:attachment":[{"href":"https:\/\/www.seg-panel.fr\/index.php\/wp-json\/wp\/v2\/media?parent=825"}],"curies":[{"name":"wp","href":"https:\/\/api.w.org\/{rel}","templated":true}]}}