{"id":820,"date":"2023-09-15T02:01:40","date_gmt":"2023-09-15T00:01:40","guid":{"rendered":"https:\/\/www.seg-panel.fr\/?page_id=820"},"modified":"2025-06-26T22:55:20","modified_gmt":"2025-06-26T20:55:20","slug":"mentions-legales","status":"publish","type":"page","link":"https:\/\/www.seg-panel.fr\/index.php\/mentions-legales\/","title":{"rendered":"Mentions l\u00e9gales"},"content":{"rendered":"\n<p>Le site www.seg-panel.fr est la propri\u00e9t\u00e9 de la SARL SEG Associ\u00e9s dont le si\u00e8ge social est situ\u00e9 au 65 rue du Faubourg Saint Denis \u2013 75010 Paris, l\u2019immatriculation au registre INSEE est le num\u00e9ro RCS B 792 195 851, et le t\u00e9l\u00e9phone le 01 84 86 05 45.<br>Le directeur de publication est Mr Emmanuel Busson.<\/p>\n\n\n\n<p>L\u2019objet du pr\u00e9sent site est de pr\u00e9senter les produits et services de SEG Associ\u00e9s et la constitution d\u2019un panel de consommateurs. Toute reproduction ou repr\u00e9sentation, m\u00eame partielle par quelque proc\u00e9d\u00e9 que ce soit, des pages, des articles et illustrations publi\u00e9s dans le pr\u00e9sent site Internet, et faite sans l\u2019autorisation \u00e9crite de l\u2019\u00e9diteur est illicite et constitue une contrefa\u00e7on sanctionn\u00e9e par le code de la propri\u00e9t\u00e9 intellectuelle. SEG Associ\u00e9s ne saurait garantir l\u2019exactitude et l\u2019exhaustivit\u00e9 des informations contenues dans ce site. Les contenus de ce site sont susceptibles d\u2019\u00eatre modifi\u00e9s ou d\u2019\u00e9voluer \u00e0 tout moment et sans pr\u00e9avis. SEG Associ\u00e9s ne peut \u00eatre tenu responsable de l\u2019utilisation faite des informations pr\u00e9sentes sur le pr\u00e9sent site ou de dommages directs ou indirects li\u00e9s \u00e0 l\u2019utilisation du pr\u00e9sent site.<\/p>\n\n\n\n<p><strong>HEBERGEMENT<\/strong><br>Site h\u00e9berg\u00e9 par : OVH<br>Si\u00e8ge social : 2 rue Kellermann \u2013 59100 Roubaix<br>Tel : 09 72 10 10 07<br>RCS Lille M\u00e9tropole 424 761 419 00045<\/p>\n\n\n\n<p><strong>INFORMATIQUE ET LIBERT\u00c9S<br><\/strong>Conform\u00e9ment \u00e0 la loi N\u00b078-17 du 6 janvier 1978 relative \u00e0 l\u2019informatique, aux fichiers et aux libert\u00e9s et au r\u00e8glement (UE) 2016\/679 relatif \u00e0 la protection des donn\u00e9es \u00e0 caract\u00e8re personnel, vous disposez \u00e0 tout moment d\u2019un droit d\u2019acc\u00e8s, de rectification, d\u2019effacement, d\u2019opposition et un droit \u00e0 la portabilit\u00e9 et \u00e0 la limitation du traitement. Vous pouvez exercez ces droits en contactant le Service en charge de la protection des donn\u00e9es personnelles, soit par voie postale \u00e0 l\u2019adresse suivante SEG Associ\u00e9s 65 rue du Faubourg Saint Denis 75010 Paris, soit par courriel : rgdp@seg-panel.fr<br>Le D\u00e9l\u00e9gu\u00e9 \u00e0 la protection des donn\u00e9es (DPD) est Emmanuel Busson.<\/p>\n\n\n\n<p><strong>FORMULAIRES ET QUESTIONNAIRES<br><\/strong>Les informations recueillies par le biais des formulaires et ne seront pas divulgu\u00e9es \u00e0 des personnes autres que celles composants notre \u00e9tablissement, nos clients dans le cadre de nos \u00e9tudes et nos sous-traitants \u00e9ventuels. Certaines des informations de ces formulaires sont facultatives, d\u2019autres obligatoires et clairement indiqu\u00e9es comme telles afin que vos r\u00e9ponses soient suffisantes pour nous permettre de traiter l\u2019information. Les donn\u00e9es personnelles recueillies dans ces formulaires sont enregistr\u00e9es dans un fichier informatis\u00e9 et s\u00e9curis\u00e9 selon les normes en vigueur par la soci\u00e9t\u00e9 SEG Associ\u00e9s \u2013 65 rue du Faubourg Saint Denis \u2013 75010 PARIS pour les besoins de l\u2019ex\u00e9cution de ses prestations et dans son int\u00e9r\u00eat l\u00e9gitime, \u00e0 savoir choisir les projets de tests pouvant vous \u00eatre propos\u00e9s, en organiser le d\u00e9roulement et le paiement de vos indemnisations. Vos donn\u00e9es personnelles ne seront jamais transmises ou c\u00e9d\u00e9es \u00e0 des entreprises tierces, autres que les commanditaires des \u00e9tudes et nos sous-traitants, et ne seront jamais utilis\u00e9es \u00e0 des fins de prospections commerciales.<\/p>\n\n\n\n<p><strong>INDEMNISATIONS<br><\/strong>Les indemnisations vers\u00e9es aux participants \u00e0 nos tests correspondent \u00e0 des d\u00e9dommagements forfaitaires (pour frais de transport, de garde d\u2019enfants, etc..) que les participants per\u00e7oivent ind\u00e9pendamment de toute relation contractuelle ou de subordination. Il ne s\u2019agit pas de r\u00e9mun\u00e9rations salariales.<\/p>\n","protected":false},"excerpt":{"rendered":"<p>Le site www.seg-panel.fr est la propri\u00e9t\u00e9 de la SARL SEG Associ\u00e9s dont le si\u00e8ge social est situ\u00e9 au 65 rue du Faubourg Saint Denis \u2013 75010 Paris, l\u2019immatriculation au registre INSEE est le num\u00e9ro RCS B 792 195 851, et le t\u00e9l\u00e9phone le 01 84 86 05 45.Le directeur de publication est Mr Emmanuel Busson. [&hellip;]<\/p>\n","protected":false},"author":1,"featured_media":0,"parent":0,"menu_order":0,"comment_status":"closed","ping_status":"closed","template":"","meta":{"footnotes":""},"class_list":["post-820","page","type-page","status-publish","hentry"],"_links":{"self":[{"href":"https:\/\/www.seg-panel.fr\/index.php\/wp-json\/wp\/v2\/pages\/820","targetHints":{"allow":["GET"]}}],"collection":[{"href":"https:\/\/www.seg-panel.fr\/index.php\/wp-json\/wp\/v2\/pages"}],"about":[{"href":"https:\/\/www.seg-panel.fr\/index.php\/wp-json\/wp\/v2\/types\/page"}],"author":[{"embeddable":true,"href":"https:\/\/www.seg-panel.fr\/index.php\/wp-json\/wp\/v2\/users\/1"}],"replies":[{"embeddable":true,"href":"https:\/\/www.seg-panel.fr\/index.php\/wp-json\/wp\/v2\/comments?post=820"}],"version-history":[{"count":4,"href":"https:\/\/www.seg-panel.fr\/index.php\/wp-json\/wp\/v2\/pages\/820\/revisions"}],"predecessor-version":[{"id":870,"href":"https:\/\/www.seg-panel.fr\/index.php\/wp-json\/wp\/v2\/pages\/820\/revisions\/870"}],"wp:attachment":[{"href":"https:\/\/www.seg-panel.fr\/index.php\/wp-json\/wp\/v2\/media?parent=820"}],"curies":[{"name":"wp","href":"https:\/\/api.w.org\/{rel}","templated":true}]}}