{"id":813,"date":"2023-09-15T01:52:14","date_gmt":"2023-09-14T23:52:14","guid":{"rendered":"https:\/\/www.seg-panel.fr\/?page_id=813"},"modified":"2025-06-26T22:53:51","modified_gmt":"2025-06-26T20:53:51","slug":"politique-de-confidentialite","status":"publish","type":"page","link":"https:\/\/www.seg-panel.fr\/index.php\/politique-de-confidentialite\/","title":{"rendered":"Politique de confidentialit\u00e9"},"content":{"rendered":"\n<p><strong>PR\u00c9AMBULE<\/strong><\/p>\n\n\n\n<p>SEG Associ\u00e9s, propri\u00e9taire du site www.seg-panel.fr, constitue et g\u00e8re un panel d\u2019individus (pan\u00e9listes) souhaitant participer \u00e0 des \u00e9tudes de march\u00e9s (r\u00e9unions de consommateurs, tests de produits, sondages, avant-premi\u00e8res, etc..). Pour ce faire, SEG Associ\u00e9s est amen\u00e9e \u00e0 collecter des donn\u00e9es personnelles des pan\u00e9listes c\u2019est \u00e0 dire des informations permettant leur identification telles que nom, pr\u00e9nom, \u00e2ge, num\u00e9ro de t\u00e9l\u00e9phone, adresse email, image, voix, lieu de r\u00e9sidence, etc\u2026<\/p>\n\n\n\n<p>Certaines donn\u00e9es personnelles sont dites sensibles. Il s\u2019agit d\u2019informations relatives par exemple \u00e0 l\u2019orientation sexuelle, \u00e0 la religion, aux opinions politiques ou \u00e0 l\u2019origine ethnique. La soci\u00e9t\u00e9 SEG Associ\u00e9s ne collecte pas de donn\u00e9es personnelles sensibles.<\/p>\n\n\n\n<p>Le responsable des traitements des donn\u00e9es est la soci\u00e9t\u00e9 SEG Associ\u00e9s, dont le si\u00e8ge social est situ\u00e9 65 rue du Faubourg Saint Denis \u2013 75010 Paris, et le num\u00e9ro d\u2019immatriculation RCS est le 792 195 851.<\/p>\n\n\n\n<p>La pr\u00e9sente politique de confidentialit\u00e9 a pour objet d\u2019expliquer aux pan\u00e9listes comment leurs donn\u00e9es personnelles sont utilis\u00e9es, g\u00e9r\u00e9es et prot\u00e9g\u00e9es par la soci\u00e9t\u00e9 SEG Associ\u00e9s.<\/p>\n\n\n\n<p><strong>COLLECTE ET UTILISATION DE VOS DONN\u00c9ES<\/strong><\/p>\n\n\n\n<p>Les donn\u00e9es personnelles des pan\u00e9listes sont recueillies lors de leur inscription par l\u2019interm\u00e9diaire d\u2019un formulaire, et lors d\u2019\u00e9tudes sp\u00e9cifiques par l\u2019interm\u00e9diaire de questionnaires et d\u2019enregistrements audio\/vid\u00e9o. Elles sont utilis\u00e9es par SEG Associ\u00e9s pour :<\/p>\n\n\n\n<p>Vous contacter :<br>nom et pr\u00e9nom, adresse e-mail, adresse postale et num\u00e9ros de t\u00e9l\u00e9phone,<\/p>\n\n\n\n<p>Evaluer votre \u00e9ligibilit\u00e9 \u00e0 une \u00e9tude sp\u00e9cifique :<br>Informations sociod\u00e9mographiques (\u00e2ge, genre, profession, composition du foyer, lieu de r\u00e9sidence), informations relatives \u00e0 votre mode de vie et vos habitudes d\u2019achat et de consommation, informations relatives \u00e0 vos \u00e9quipements domestiques.<\/p>\n\n\n\n<p>Analyser, traiter et transcrire vos r\u00e9ponses et r\u00e9actions \u00e0 des sondages, r\u00e9unions de consommateurs ou entretiens individuels :<br>Informations sociod\u00e9mographiques (\u00e2ge, genre, profession, composition du foyer, lieu de r\u00e9sidence), informations relatives \u00e0 votre mode de vie et vos habitudes d\u2019achat et de consommation, informations relatives \u00e0 vos \u00e9quipements domestiques, enregistrements audio\/vid\u00e9o.<\/p>\n\n\n\n<p>Les donn\u00e9es personnelles sont fournies volontairement \u00e0 SEG Associ\u00e9s par le pan\u00e9liste, et apr\u00e8s accord des personnes ayant l\u2019autorit\u00e9 parentale ou de tutelle pour les pan\u00e9listes n\u2019ayant pas atteint la majorit\u00e9 num\u00e9rique ou non juridiquement responsables.<\/p>\n\n\n\n<p>Ces donn\u00e9es sont n\u00e9cessaires \u00e0 SEG Associ\u00e9s pour r\u00e9aliser des \u00e9tudes de march\u00e9, comprendre et analyser vos opinions en tant que consommateurs et permettre ainsi \u00e0 ses clients d\u2019am\u00e9liorer la qualit\u00e9 de leurs produits, services, communications et strat\u00e9gies commerciales.<\/p>\n\n\n\n<p>Des cookies sont utilis\u00e9s sur les sites de SEG Associ\u00e9s. Ces fichiers sont stock\u00e9s sur votre ordinateur lors de votre navigation et fournissent aux \u00e9diteurs du site un moyen de l\u2019am\u00e9liorer lors de visites ult\u00e9rieures. Vous pouvez les d\u00e9sactiver depuis votre navigateur.<\/p>\n\n\n\n<p>Tout traitement de donn\u00e9es personnelles doit reposer sur l\u2019un des fondements juridiques de l\u2019article 6 du r\u00e8glement RGPD 2016\/679.<\/p>\n\n\n\n<p>En vous inscrivant sur notre panel, vous consentez donc \u00e0 ce que proc\u00e9dions \u00e0 la collecte et au traitement de vos donn\u00e9es personnelles d\u00e8s lors que :<\/p>\n\n\n\n<p>ces donn\u00e9es sont n\u00e9cessaires \u00e0 SEG Associ\u00e9s pour l\u2019ex\u00e9cution d\u2019un contrat, ou<br>ces donn\u00e9es sont n\u00e9cessaires \u00e0 SEG Associ\u00e9s pour respecter ses obligations l\u00e9gales, ou<br>ces donn\u00e9es sont n\u00e9cessaires \u00e0 SEG Associ\u00e9s pour la sauvegarde de ses int\u00e9r\u00eats vitaux ou de ceux d\u2019un tiers, ou<br>ces donn\u00e9es sont n\u00e9cessaires \u00e0 SEG Associ\u00e9s pour effectuer une t\u00e2che d\u2019int\u00e9r\u00eat public, ou<br>ces donn\u00e9es sont n\u00e9cessaires \u00e0 SEG Associ\u00e9s pour servir ses int\u00e9r\u00eats l\u00e9gitimes ou ceux de ses clients.<\/p>\n\n\n\n<p><strong>STOCKAGE, S\u00c9CURISATION ET TRANSFERTS DE VOS DONN\u00c9ES PERSONNELLES<\/strong><\/p>\n\n\n\n<p>Nos serveurs sont situ\u00e9s en France, les donn\u00e9es sont trait\u00e9es depuis notre si\u00e8ge social parisien. Nos proc\u00e9dures de recueil, stockage, traitement et transfert des donn\u00e9es sont conformes aux normes en vigueur en mati\u00e8re de protection des donn\u00e9es au sein de l\u2019UE. Nous suivons les pr\u00e9conisations technologiques de la commission europ\u00e9enne, le personnel est form\u00e9 et conscient des enjeux. Nous pouvons \u00eatre amen\u00e9s, pour les besoins d\u2019une \u00e9tude sp\u00e9cifique, \u00e0 transf\u00e9rer vos donn\u00e9es personnelles vers le client commanditaire de l&rsquo;\u00e9tude si ce client est soumis \u00e0 la r\u00e9glementation Europ\u00e9enne en mati\u00e8re de protection des donn\u00e9es, ou s\u2019il b\u00e9n\u00e9ficie d\u2019une d\u00e9cision d\u2019ad\u00e9quation de la commission europ\u00e9enne (cas des USA et du Royaume-Uni).<\/p>\n\n\n\n<p><strong>P\u00c9RIODE DE CONSERVATION DES DONN\u00c9ES<\/strong><\/p>\n\n\n\n<p>Les donn\u00e9es recueillies lors de l\u2019inscription au panel sont conserv\u00e9es pendant une dur\u00e9e de 5 ans apr\u00e8s la derni\u00e8re r\u00e9ponse du pan\u00e9liste \u00e0 une de nos invitations \u00e0 participer \u00e0 un test. Les donn\u00e9es recueillies lors de la participation du pan\u00e9liste \u00e0 une \u00e9tude\/test sp\u00e9cifique sont conserv\u00e9es pendant une p\u00e9riode de 18 mois.<\/p>\n\n\n\n<p><strong>LES DROITS DU PAN\u00c9LISTE<\/strong><\/p>\n\n\n\n<p>Conform\u00e9ment \u00e0 la r\u00e9glementation applicable, \u00e0 la loi N\u00b078-17 du 6 janvier 1978 relative \u00e0 l\u2019informatique, aux fichiers et aux libert\u00e9s, et au r\u00e8glement (UE) 2016\/679 relatif \u00e0 la protection des donn\u00e9es \u00e0 caract\u00e8re personnel, vous disposez \u00e0 tout moment d\u2019un droit d\u2019acc\u00e8s, de rectification, d\u2019effacement, d\u2019opposition ainsi que d&rsquo;un droit \u00e0 la portabilit\u00e9 et \u00e0 la limitation du traitement. Vous pouvez exercer ces droits en contactant le service en charge de la protection des donn\u00e9es personnelles, soit par voie postale \u00e0 l\u2019adresse suivante SEG Associ\u00e9s 65, rue du Faubourg Saint Denis 75010 Paris, soit par courriel : rgdp@seg-panel.fr en joignant \u00e0 votre demande une copie d\u2019une pi\u00e8ce d\u2019identit\u00e9.<\/p>\n\n\n\n<p>Vous disposez \u00e9galement du droit de saisir la CNIL.<\/p>\n","protected":false},"excerpt":{"rendered":"<p>PR\u00c9AMBULE SEG Associ\u00e9s, propri\u00e9taire du site www.seg-panel.fr, constitue et g\u00e8re un panel d\u2019individus (pan\u00e9listes) souhaitant participer \u00e0 des \u00e9tudes de march\u00e9s (r\u00e9unions de consommateurs, tests de produits, sondages, avant-premi\u00e8res, etc..). Pour ce faire, SEG Associ\u00e9s est amen\u00e9e \u00e0 collecter des donn\u00e9es personnelles des pan\u00e9listes c\u2019est \u00e0 dire des informations permettant leur identification telles que nom, [&hellip;]<\/p>\n","protected":false},"author":1,"featured_media":0,"parent":0,"menu_order":0,"comment_status":"closed","ping_status":"closed","template":"","meta":{"footnotes":""},"class_list":["post-813","page","type-page","status-publish","hentry"],"_links":{"self":[{"href":"https:\/\/www.seg-panel.fr\/index.php\/wp-json\/wp\/v2\/pages\/813","targetHints":{"allow":["GET"]}}],"collection":[{"href":"https:\/\/www.seg-panel.fr\/index.php\/wp-json\/wp\/v2\/pages"}],"about":[{"href":"https:\/\/www.seg-panel.fr\/index.php\/wp-json\/wp\/v2\/types\/page"}],"author":[{"embeddable":true,"href":"https:\/\/www.seg-panel.fr\/index.php\/wp-json\/wp\/v2\/users\/1"}],"replies":[{"embeddable":true,"href":"https:\/\/www.seg-panel.fr\/index.php\/wp-json\/wp\/v2\/comments?post=813"}],"version-history":[{"count":8,"href":"https:\/\/www.seg-panel.fr\/index.php\/wp-json\/wp\/v2\/pages\/813\/revisions"}],"predecessor-version":[{"id":868,"href":"https:\/\/www.seg-panel.fr\/index.php\/wp-json\/wp\/v2\/pages\/813\/revisions\/868"}],"wp:attachment":[{"href":"https:\/\/www.seg-panel.fr\/index.php\/wp-json\/wp\/v2\/media?parent=813"}],"curies":[{"name":"wp","href":"https:\/\/api.w.org\/{rel}","templated":true}]}}