{"id":805,"date":"2023-09-15T01:40:52","date_gmt":"2023-09-14T23:40:52","guid":{"rendered":"https:\/\/www.seg-panel.fr\/?page_id=805"},"modified":"2025-07-06T21:24:33","modified_gmt":"2025-07-06T19:24:33","slug":"qui-sommes-nous","status":"publish","type":"page","link":"https:\/\/www.seg-panel.fr\/index.php\/qui-sommes-nous\/","title":{"rendered":"Qui sommes-nous ?"},"content":{"rendered":"\n<p>SEG Associ\u00e9s est un institut d&rsquo;\u00e9tudes de march\u00e9. Nous aidons les marques que vous aimez \u00e0 am\u00e9liorer la qualit\u00e9 de leurs produits et services en recueillant les opinions de consommateurs tels que vous. Bien que sp\u00e9cialis\u00e9s dans le secteur des loisirs (jeux vid\u00e9o, cin\u00e9ma, s\u00e9ries, etc&#8230;) nous intervenons sur des projets vari\u00e9s, qui vont du produit alimentaire \u00e0 la machine de chantier, de la mode aux animaux domestiques, en passant par la high-tech ou l&rsquo;automobile. O\u00f9 que vous habitiez, quelles que soient vos habitudes de consommation, il y a forcement un de nos clients qui aimerait connaitre votre opinion.<\/p>\n","protected":false},"excerpt":{"rendered":"<p>SEG Associ\u00e9s est un institut d&rsquo;\u00e9tudes de march\u00e9. Nous aidons les marques que vous aimez \u00e0 am\u00e9liorer la qualit\u00e9 de leurs produits et services en recueillant les opinions de consommateurs tels que vous. Bien que sp\u00e9cialis\u00e9s dans le secteur des loisirs (jeux vid\u00e9o, cin\u00e9ma, s\u00e9ries, etc&#8230;) nous intervenons sur des projets vari\u00e9s, qui vont du [&hellip;]<\/p>\n","protected":false},"author":1,"featured_media":0,"parent":0,"menu_order":0,"comment_status":"closed","ping_status":"closed","template":"","meta":{"footnotes":""},"class_list":["post-805","page","type-page","status-publish","hentry"],"_links":{"self":[{"href":"https:\/\/www.seg-panel.fr\/index.php\/wp-json\/wp\/v2\/pages\/805","targetHints":{"allow":["GET"]}}],"collection":[{"href":"https:\/\/www.seg-panel.fr\/index.php\/wp-json\/wp\/v2\/pages"}],"about":[{"href":"https:\/\/www.seg-panel.fr\/index.php\/wp-json\/wp\/v2\/types\/page"}],"author":[{"embeddable":true,"href":"https:\/\/www.seg-panel.fr\/index.php\/wp-json\/wp\/v2\/users\/1"}],"replies":[{"embeddable":true,"href":"https:\/\/www.seg-panel.fr\/index.php\/wp-json\/wp\/v2\/comments?post=805"}],"version-history":[{"count":5,"href":"https:\/\/www.seg-panel.fr\/index.php\/wp-json\/wp\/v2\/pages\/805\/revisions"}],"predecessor-version":[{"id":873,"href":"https:\/\/www.seg-panel.fr\/index.php\/wp-json\/wp\/v2\/pages\/805\/revisions\/873"}],"wp:attachment":[{"href":"https:\/\/www.seg-panel.fr\/index.php\/wp-json\/wp\/v2\/media?parent=805"}],"curies":[{"name":"wp","href":"https:\/\/api.w.org\/{rel}","templated":true}]}}